{"id":7330,"date":"2021-04-07T12:58:09","date_gmt":"2021-04-07T10:58:09","guid":{"rendered":"https:\/\/kreatortest.com\/fizika\/?page_id=7330"},"modified":"2022-11-18T00:49:01","modified_gmt":"2022-11-17T23:49:01","slug":"alumni","status":"publish","type":"page","link":"https:\/\/fizika.pmf.unsa.ba\/eng\/alumni\/","title":{"rendered":"Alumni"},"content":{"rendered":"<div class=\"wpb-content-wrapper\"><p>[vc_row css=&#8221;.vc_custom_1668728881316{border-bottom-width: 1px !important;padding-bottom: 30px !important;border-bottom-color: #a5a5a5 !important;border-bottom-style: solid !important;}&#8221;][vc_column css=&#8221;.vc_custom_1668728938337{padding-top: 0px !important;}&#8221;][vc_custom_heading text=&#8221;Welcome to the website of the Alumni Association&#8221; use_theme_fonts=&#8221;yes&#8221;][vc_column_text]<strong>The Department of Physics Alumni Association<\/strong><\/p>\n<p>The Physics Department\u2019s Alumni Association includes prominent physicists who got their bachelor\u2019s, master\u2019s or doctoral degree at the Faculty of Science Sarajevo\u2019s Department of Physics. Many of these alumni are now very successful university professors, researchers and businessmen at prestigious institutions from all over the world.<\/p>\n<p>One of the Alumni Association&#8217;s primary goals is related to promoting and popularizing physics, for purposes of making it an attractive subject for young learners, as well as an attractive career choice in older students. Another aim is to provide the current students of our Department the opportunity to establish contact with the alumni, for purposes of scientific collaboration.[\/vc_column_text][\/vc_column][\/vc_row][vc_row gap=&#8221;35&#8243; css=&#8221;.vc_custom_1668728234270{padding-top: 30px !important;padding-bottom: 30px !important;}&#8221;][vc_column width=&#8221;1\/4&#8243; css=&#8221;.vc_custom_1668726471904{padding-top: 15px !important;background-color: #f5f5f5 !important;}&#8221;][vc_single_image image=&#8221;7351&#8243; img_size=&#8221;full&#8221;][vc_custom_heading text=&#8221;Girt Erol&#8221; use_theme_fonts=&#8221;yes&#8221;][vc_column_text]Simon Fraser University, Burnaby, Kanada<\/p>\n<p><a href=\"http:\/\/surface-science.phys.sfu.ca\/\">Surface Science Laboratory &#8211; Simon Fraser University<\/a>[\/vc_column_text][vc_column_text el_class=&#8221;kreator-alumni-email&#8221;]<span id=\"cloak21208\"><a href=\"mailto:egirt@sfu.ca\">egirt@sfu.ca<\/a><\/span><br \/>\n<a href=\"http:\/\/www.physics.sfu.ca\/people\/profiles\/egirt\">Personal website<\/a>[\/vc_column_text][\/vc_column][vc_column width=&#8221;1\/4&#8243; css=&#8221;.vc_custom_1668726528396{padding-top: 15px !important;background-color: #f5f5f5 !important;}&#8221;][vc_single_image image=&#8221;7343&#8243; img_size=&#8221;full&#8221;][vc_custom_heading text=&#8221;Brana Josip&#8221; use_theme_fonts=&#8221;yes&#8221;][vc_column_text el_class=&#8221;kreator-alumni-radno-mjesto&#8221;]University Josip Juraj Strossmayer Osijek Croatia[\/vc_column_text][vc_column_text el_class=&#8221;kreator-alumni-email&#8221;]<a href=\"mailto:josip.brana@fizika.unios.hr\">josip.brana@fizika.unios.hr<\/a><br \/>\n<a href=\"http:\/\/www.fizika.unios.hr\/cms\/fizos\/hr\/opcipodaci\/ured\/web_imenik\/josip_brana.html\">Personal website<\/a>[\/vc_column_text][\/vc_column][vc_column width=&#8221;1\/4&#8243; css=&#8221;.vc_custom_1668726576791{padding-top: 15px !important;background-color: #f5f5f5 !important;}&#8221;][vc_single_image image=&#8221;7345&#8243; img_size=&#8221;full&#8221;][vc_custom_heading text=&#8221;Buljan Vlado&#8221; use_theme_fonts=&#8221;yes&#8221;][vc_column_text]The University of Sydney, Sydney, Australia[\/vc_column_text][vc_column_text el_class=&#8221;kreator-alumni-email&#8221;]<span id=\"cloak2731\"><a href=\"mailto:Vlado.buljan@sydney.edu.au\">Vlado.buljan@sydney.edu.au<\/a><\/span><br \/>\n<a href=\"http:\/\/sydney.edu.au\/medicine\/people\/academics\/publications\/vbul2686.php\">Personal website<\/a><br \/>\n<a href=\"http:\/\/www.pmf.unsa.ba\/fizika\/images\/Alumni\/cv\/Dr_Vlado_Buljan13012014.pdf\">CV<\/a>[\/vc_column_text][\/vc_column][vc_column width=&#8221;1\/4&#8243; css=&#8221;.vc_custom_1668726635787{padding-top: 15px !important;background-color: #f5f5f5 !important;}&#8221;][vc_single_image image=&#8221;7342&#8243; img_size=&#8221;full&#8221;][vc_custom_heading text=&#8221;Be\u0107irevi\u0107 Damir&#8221; use_theme_fonts=&#8221;yes&#8221;][vc_column_text el_class=&#8221;kreator-alumni-radno-mjesto&#8221; css=&#8221;.vc_custom_1668726671249{margin-top: -10px !important;}&#8221;]Laboratoire de Physique Th\u00e9orique,Universit\u00e9 Paris-Sud, 91405 Orsay Cedex, Francuska[\/vc_column_text][vc_column_text el_class=&#8221;kreator-alumni-email&#8221;]<a href=\"mailto:damir.becirevic@th.u-psud.fr\">damir.becirevic@th.u-psud.fr<\/a><br \/>\n<a href=\"http:\/\/www.th.u-psud.fr\/annuaire2.php3?fiche=damir.becirevic\">Personal website<\/a>[\/vc_column_text][\/vc_column][\/vc_row][vc_row full_width=&#8221;stretch_row&#8221; gap=&#8221;35&#8243; css=&#8221;.vc_custom_1668727134499{padding-bottom: 30px !important;}&#8221;][vc_column width=&#8221;1\/4&#8243; css=&#8221;.vc_custom_1668726771245{padding-top: 15px !important;background-color: #f5f5f5 !important;}&#8221;][vc_single_image image=&#8221;7350&#8243; img_size=&#8221;full&#8221;][vc_custom_heading text=&#8221;Fazlagi\u0107 Slobodan&#8221; use_theme_fonts=&#8221;yes&#8221;][vc_column_text el_class=&#8221;kreator-alumni-radno-mjesto&#8221;]<a href=\"http:\/\/www.pmf.unsa.ba\/fizika\/images\/Alumni\/files\/FINAL_REPORT_CADSEALAND_CIN.pdf\">Rad o istra\u017eivanju atmosferskih pojava na podru\u010dju Jugoisto\u010dne Evrope<\/a><br \/>\n<a href=\"http:\/\/www.pmf.unsa.ba\/fizika\/images\/Alumni\/cv\/FS_MAIN_PAPERS_LIST_2011.doc\">Publikacije<\/a>[\/vc_column_text][vc_column_text el_class=&#8221;kreator-alumni-email&#8221;]<a href=\"mailto:fazslob@yahoo.com\">fazslob@yahoo.com<\/a><br \/>\n<a href=\"http:\/\/www.pmf.unsa.ba\/fizika\/images\/Alumni\/cv\/slobodan_fazlagic_osnovni_podaci.docx\">Personal information<\/a><br \/>\n<a href=\"http:\/\/www.pmf.unsa.ba\/fizika\/images\/Alumni\/cv\/Fazlagic_Slobodan%20_CV_2014.docx\">CV<\/a>[\/vc_column_text][\/vc_column][vc_column width=&#8221;1\/4&#8243; css=&#8221;.vc_custom_1668726834542{padding-top: 15px !important;background-color: #f5f5f5 !important;}&#8221;][vc_single_image image=&#8221;7349&#8243; img_size=&#8221;full&#8221;][vc_custom_heading text=&#8221;Fajfer Svjetlana&#8221; use_theme_fonts=&#8221;yes&#8221;][vc_column_text el_class=&#8221;kreator-alumni-radno-mjesto&#8221;]Fakulteta za matematiko in fiziko, Univerzitet u Ljubljani, Slovenija[\/vc_column_text][vc_column_text el_class=&#8221;kreator-alumni-email&#8221;]<a href=\"mailto:Svjetlana.Fajfer@ijs.si\">Svjetlana.Fajfer@ijs.si<\/a><br \/>\n<a href=\"http:\/\/www-f1.ijs.si\/~fajfer\/\">Personal website<\/a>[\/vc_column_text][\/vc_column][vc_column width=&#8221;1\/4&#8243; css=&#8221;.vc_custom_1668726926702{padding-top: 15px !important;background-color: #f5f5f5 !important;}&#8221;][vc_single_image image=&#8221;7346&#8243; img_size=&#8221;full&#8221;][vc_custom_heading text=&#8221;Damjanovi\u0107 Dragan&#8221; use_theme_fonts=&#8221;yes&#8221;][vc_column_text el_class=&#8221;kreator-alumni-radno-mjesto&#8221;]Swiss Federal Institute of Technology, Lausanne, \u0160vicarska[\/vc_column_text][vc_column_text el_class=&#8221;kreator-alumni-email&#8221;]<a href=\"mailto:dragan.damjanovic@epfl.ch\">dragan.damjanovic@epfl.ch<\/a><br \/>\n<a href=\"http:\/\/people.epfl.ch\/dragan.damjanovic\">Personal website<\/a>[\/vc_column_text][\/vc_column][vc_column width=&#8221;1\/4&#8243; css=&#8221;.vc_custom_1668726983195{padding-top: 15px !important;background-color: #f5f5f5 !important;}&#8221;][vc_single_image image=&#8221;7355&#8243; img_size=&#8221;full&#8221;][vc_custom_heading text=&#8221;Laki\u0107 &#8211; Relji\u0107 Jadranka&#8221; use_theme_fonts=&#8221;yes&#8221;][vc_column_text el_class=&#8221;kreator-alumni-radno-mjesto&#8221;]<a href=\"http:\/\/www.drs.com\/Products\/RSTA\/index.aspx\">DRS Technologies<\/a><br \/>\nNetwork Computing &amp; Imaging Systems, Melbourne, FL[\/vc_column_text][vc_column_text el_class=&#8221;kreator-alumni-email&#8221;]<a href=\"mailto:lakic95@hotmail.com\">lakic95@hotmail.com<\/a>[\/vc_column_text][\/vc_column][\/vc_row][vc_row gap=&#8221;35&#8243; css=&#8221;.vc_custom_1668727367166{padding-bottom: 30px !important;}&#8221;][vc_column width=&#8221;1\/4&#8243; css=&#8221;.vc_custom_1668727164348{padding-top: 15px !important;background-color: #f5f5f5 !important;}&#8221;][vc_single_image image=&#8221;7354&#8243; img_size=&#8221;full&#8221;][vc_custom_heading text=&#8221;Isakovi\u0107 Abdel&#8221; use_theme_fonts=&#8221;yes&#8221;][vc_column_text]Khalifa University of Science, Technology &amp; Research, Abu Dhabi, Ujedinjeni Arapski Emirati[\/vc_column_text][vc_column_text el_class=&#8221;kreator-alumni-email&#8221;]<a href=\"mailto:abdel.isakovic@kustar.ac.ae\">abdel.isakovic@kustar.ac.ae<\/a><br \/>\n<a href=\"http:\/\/www.kustar.ac.ae\/pages\/dr-abdel-isakovic\">Personal website<\/a>[\/vc_column_text][\/vc_column][vc_column width=&#8221;1\/4&#8243; css=&#8221;.vc_custom_1668727212118{padding-top: 15px !important;background-color: #f5f5f5 !important;}&#8221;][vc_single_image image=&#8221;7352&#8243; img_size=&#8221;full&#8221;][vc_custom_heading text=&#8221;Gro\u0161o Amela&#8221; use_theme_fonts=&#8221;yes&#8221;][vc_column_text]Occupational Safety and Health at the Faculty of Basic Sciences, \u00c9cole polytechnique f\u00e9d\u00e9rale de Lausanne EPFL[\/vc_column_text][vc_column_text el_class=&#8221;kreator-alumni-email&#8221;]<a href=\"https:\/\/people.epfl.ch\/cgi-bin\/people?id=amela.groso&amp;op=bio&amp;lang=en&amp;cvlang=en\" target=\"_blank\" rel=\"noopener\">Personal website<\/a>[\/vc_column_text][\/vc_column][vc_column width=&#8221;1\/4&#8243; css=&#8221;.vc_custom_1668727264183{padding-top: 15px !important;background-color: #f5f5f5 !important;}&#8221;][vc_single_image image=&#8221;7353&#8243; img_size=&#8221;full&#8221;][vc_custom_heading text=&#8221;Ili\u0107 Nenad&#8221; use_theme_fonts=&#8221;yes&#8221;][vc_column_text]Eastern Illinois University, 600 Lincoln Ave Charleston, IL\u00a0 61920, SAD[\/vc_column_text][vc_column_text el_class=&#8221;kreator-alumni-email&#8221;]<a href=\"mailto:nilic@eiu.edu\">nilic@eiu.edu<\/a><br \/>\n<a href=\"http:\/\/www.eiu.edu\/physics\/faculty.php?id=nilic\">Personal website<\/a>[\/vc_column_text][\/vc_column][vc_column width=&#8221;1\/4&#8243; css=&#8221;.vc_custom_1668727313068{padding-top: 15px !important;background-color: #f5f5f5 !important;}&#8221;][vc_single_image image=&#8221;8170&#8243; img_size=&#8221;full&#8221;][vc_custom_heading text=&#8221;\u0160ar\u010devi\u0107 Ina&#8221; use_theme_fonts=&#8221;yes&#8221;][vc_column_text]University of Arizona, Tucson, Arizona, SAD[\/vc_column_text][vc_column_text el_class=&#8221;kreator-alumni-email&#8221;]<a href=\"mailto:ina@physics.arizona.edu\">ina@physics.arizona.edu<\/a><br \/>\n<a href=\"http:\/\/www.physics.arizona.edu\/~ina\/\">Personal website<\/a>[\/vc_column_text][\/vc_column][\/vc_row][vc_row full_width=&#8221;stretch_row&#8221; gap=&#8221;35&#8243; css=&#8221;.vc_custom_1668727449477{padding-bottom: 30px !important;}&#8221;][vc_column width=&#8221;1\/4&#8243; css=&#8221;.vc_custom_1668727456842{padding-top: 15px !important;background-color: #f5f5f5 !important;}&#8221;][vc_single_image image=&#8221;8172&#8243; img_size=&#8221;full&#8221;][vc_custom_heading text=&#8221;Vobornik Ivana&#8221; use_theme_fonts=&#8221;yes&#8221;][vc_column_text]<a href=\"http:\/\/www.elettra.trieste.it\/elettra-beamlines\/ape.html\">CNR-IOM, TASC Laboratory AREA Science Park &#8211; Basovizza<\/a>, 34149 Trieste, Italy[\/vc_column_text][vc_column_text el_class=&#8221;kreator-alumni-email&#8221;]<a href=\"mailto:ivana.vobornik@elettra.eu\">ivana.vobornik@elettra.eu<\/a><br \/>\n<a href=\"http:\/\/www.pmf.unsa.ba\/fizika\/images\/Alumni\/cv\/Vobornik_CV_EU_perSA.pdf\">CV<\/a>[\/vc_column_text][\/vc_column][vc_column width=&#8221;1\/4&#8243; css=&#8221;.vc_custom_1668727565355{padding-top: 15px !important;background-color: #f5f5f5 !important;}&#8221;][vc_single_image image=&#8221;8173&#8243; img_size=&#8221;full&#8221;][vc_custom_heading text=&#8221;Dori\u0107 Sead&#8221; use_theme_fonts=&#8221;yes&#8221;][vc_column_text el_class=&#8221;kreator-alumni-radno-mjesto&#8221;]Doric lenses, 357 rue Franquet, Quebec QC, G1P 4N7, Kanada[\/vc_column_text][vc_column_text el_class=&#8221;kreator-alumni-email&#8221;]<a href=\"mailto:sead@doriclenses.com\" target=\"_blank\" rel=\"noopener\">sead@doriclenses.com<\/a>[\/vc_column_text][\/vc_column][vc_column width=&#8221;1\/4&#8243; css=&#8221;.vc_custom_1668727514809{padding-top: 15px !important;background-color: #f5f5f5 !important;}&#8221;][vc_single_image image=&#8221;8174&#8243; img_size=&#8221;full&#8221;][vc_custom_heading text=&#8221;Gakovi\u0107 Biljana&#8221; use_theme_fonts=&#8221;yes&#8221;][vc_column_text el_class=&#8221;kreator-alumni-radno-mjesto&#8221;]<em>Vin\u010da Institute of Nuclear Sciences<\/em>, Belgrade, Serbia[\/vc_column_text][vc_column_text el_class=&#8221;kreator-alumni-email&#8221;]<a href=\"mailto:biljagak@vinca.rs\">biljagak@vinca.rs<\/a><br \/>\n<a href=\"http:\/\/www.vin.bg.ac.rs\/040\/members\/mem_bga_cv.htm\">Personal website<\/a>[\/vc_column_text][\/vc_column][vc_column width=&#8221;1\/4&#8243; css=&#8221;.vc_custom_1668727610552{padding-top: 15px !important;background-color: #f5f5f5 !important;}&#8221;][vc_single_image image=&#8221;8175&#8243; img_size=&#8221;full&#8221;][vc_custom_heading text=&#8221;Danilovi\u0107 Borka&#8221; use_theme_fonts=&#8221;yes&#8221;][vc_column_text el_class=&#8221;kreator-alumni-radno-mjesto&#8221;]<a href=\"http:\/\/www.cae.com\/\">CAE. Inc<\/a>, Montreal, Kanada[\/vc_column_text][vc_column_text el_class=&#8221;kreator-alumni-email&#8221;]<a href=\"mailto:borka.danilovic@cae.com\">borka.danilovic@cae.com<\/a>[\/vc_column_text][\/vc_column][\/vc_row][vc_row gap=&#8221;35&#8243; css=&#8221;.vc_custom_1668727864918{padding-bottom: 30px !important;}&#8221;][vc_column width=&#8221;1\/4&#8243; css=&#8221;.vc_custom_1668727696745{padding-top: 15px !important;background-color: #f5f5f5 !important;}&#8221;][vc_single_image image=&#8221;8176&#8243; img_size=&#8221;full&#8221;][vc_custom_heading text=&#8221;Greljo Admir&#8221; use_theme_fonts=&#8221;yes&#8221;][vc_column_text el_class=&#8221;kreator-alumni-email&#8221;]Assistant Professor at University of Bern<br \/>\n<a href=\"mailto:admir.greljo@cern.ch\">admir.greljo@cern.ch<\/a><br \/>\n<a href=\"https:\/\/scholar.google.ch\/citations?user=y3d3cw0AAAAJ&amp;hl=en\">CV<\/a>[\/vc_column_text][\/vc_column][vc_column width=&#8221;1\/4&#8243; css=&#8221;.vc_custom_1668727767436{padding-top: 15px !important;background-color: #f5f5f5 !important;}&#8221;][vc_single_image image=&#8221;9089&#8243; img_size=&#8221;full&#8221;][vc_custom_heading text=&#8221;Petek Mirjan&#8221; use_theme_fonts=&#8221;yes&#8221;][vc_column_text el_class=&#8221;kreator-alumni-radno-mjesto&#8221;]Vancouver, Canada<br \/>\n<a href=\"http:\/\/www.petkodesign.com\/#!\/pageHome\">Petko Design<\/a>[\/vc_column_text][\/vc_column][vc_column width=&#8221;1\/4&#8243; css=&#8221;.vc_custom_1668727776430{padding-top: 15px !important;background-color: #f5f5f5 !important;}&#8221;][vc_single_image image=&#8221;9089&#8243; img_size=&#8221;full&#8221;][vc_custom_heading text=&#8221;Trubelja Mladen&#8221; use_theme_fonts=&#8221;yes&#8221;][vc_column_text el_class=&#8221;kreator-alumni-radno-mjesto&#8221;]<a href=\"http:\/\/www.pw.utc.com\/Home\">Pratt &amp; Whitney<\/a>, 400 Main Street M\/S 114-41, East Hartford, CT[\/vc_column_text][vc_column_text el_class=&#8221;kreator-alumni-email&#8221;]<a href=\"mailto:mladen.trubelja@pw.utc.com\">mladen.trubelja@pw.utc.com<\/a>[\/vc_column_text][\/vc_column][vc_column width=&#8221;1\/4&#8243; css=&#8221;.vc_custom_1668727812711{padding-top: 15px !important;background-color: #f5f5f5 !important;}&#8221;][vc_single_image image=&#8221;9089&#8243; img_size=&#8221;full&#8221;][vc_custom_heading text=&#8221;Ruhotina Nijaz&#8221; use_theme_fonts=&#8221;yes&#8221;][vc_column_text el_class=&#8221;kreator-alumni-radno-mjesto&#8221;]<a href=\"http:\/\/www.axsun.com\/\">Axsun Technologies<\/a><br \/>\nA Volcano Company, 1 Fortune Drive, Billerica, MA 01821[\/vc_column_text][vc_column_text el_class=&#8221;kreator-alumni-email&#8221;]<a href=\"mailto:ruhotinan@gmail.com\">ruhotinan@gmail.com<\/a>[\/vc_column_text][\/vc_column][\/vc_row][vc_row full_width=&#8221;stretch_row&#8221; gap=&#8221;35&#8243; css=&#8221;.vc_custom_1668727881986{padding-bottom: 75px !important;}&#8221;][vc_column width=&#8221;1\/4&#8243; css=&#8221;.vc_custom_1668727889803{padding-top: 15px !important;background-color: #f5f5f5 !important;}&#8221;][vc_single_image image=&#8221;9089&#8243; img_size=&#8221;full&#8221;][vc_custom_heading text=&#8221;Erko\u010devi\u0107 Zlata&#8221; use_theme_fonts=&#8221;yes&#8221;][vc_column_text el_class=&#8221;kreator-alumni-radno-mjesto&#8221;]<a href=\"http:\/\/www.vinghog.com\/\">Vingh\u00f8g AS<\/a>, Part of Rheinmetall AG, Corporate Sector Defence, Kabelgaten 8, P.O.Box 174, N-0509 Oslo, Norve\u0161ka[\/vc_column_text][vc_column_text el_class=&#8221;kreator-alumni-email&#8221;]<a href=\"mailto:zlata.erk@gmail.com\">zlata.erk@gmail.com<\/a>[\/vc_column_text][\/vc_column][vc_column width=&#8221;1\/4&#8243; css=&#8221;.vc_custom_1668727931068{padding-top: 15px !important;background-color: #f5f5f5 !important;}&#8221;][vc_single_image image=&#8221;9089&#8243; img_size=&#8221;full&#8221;][vc_custom_heading text=&#8221;Kili\u0107 Sre\u0107ko&#8221; use_theme_fonts=&#8221;yes&#8221;][vc_column_text el_class=&#8221;kreator-alumni-radno-mjesto&#8221;]Department of Physics, Faculty of Science and Mathematics, Split, Croatia[\/vc_column_text][vc_column_text el_class=&#8221;kreator-alumni-email&#8221;]<a href=\"mailto:kilic@pmfst.hr\">kilic@pmfst.hr<\/a>[\/vc_column_text][\/vc_column][vc_column width=&#8221;1\/4&#8243; css=&#8221;.vc_custom_1668727976777{padding-top: 15px !important;background-color: #f5f5f5 !important;}&#8221;][vc_single_image image=&#8221;9089&#8243; img_size=&#8221;full&#8221;][vc_custom_heading text=&#8221;Tadi\u0107 &#8211; Galeb Biljana&#8221; use_theme_fonts=&#8221;yes&#8221;][vc_column_text el_class=&#8221;kreator-alumni-radno-mjesto&#8221;]Panavision, Inc., Chatsworth, CA[\/vc_column_text][vc_column_text el_class=&#8221;kreator-alumni-email&#8221;]<a href=\"mailto:Biljana.Tadic@panavision.com\">Biljana.Tadic@panavision.com<\/a><br \/>\n<a href=\"http:\/\/www.pmf.unsa.ba\/fizika\/images\/Alumni\/cv\/Biljana_Tadic_Galeb_CV.pdf\">CV<\/a>[\/vc_column_text][\/vc_column][vc_column width=&#8221;1\/4&#8243; css=&#8221;.vc_custom_1668728015603{padding-top: 15px !important;background-color: #f5f5f5 !important;}&#8221;][vc_single_image image=&#8221;9089&#8243; img_size=&#8221;full&#8221;][vc_custom_heading text=&#8221;Negoveti\u0107 Ivan&#8221; use_theme_fonts=&#8221;yes&#8221;][vc_column_text el_class=&#8221;kreator-alumni-radno-mjesto&#8221;]Senior Programmer-Analyst,<br \/>\n<a href=\"http:\/\/www.uthscsa.edu\/\">UTHSCSA &#8211; Department of Psychiatry<\/a>[\/vc_column_text][\/vc_column][\/vc_row]<\/p>\n<\/div>","protected":false},"excerpt":{"rendered":"<p>[vc_row css=&#8221;.vc_custom_1668728881316{border-bottom-width: 1px !important;padding-bottom: 30px !important;border-bottom-color: #a5a5a5 !important;border-bottom-style: solid !important;}&#8221;][vc_column css=&#8221;.vc_custom_1668728938337{padding-top: 0px !important;}&#8221;][vc_custom_heading text=&#8221;Welcome to the website of the Alumni [&hellip;]<\/p>\n","protected":false},"author":1,"featured_media":0,"parent":0,"menu_order":0,"comment_status":"closed","ping_status":"closed","template":"","meta":{"footnotes":""},"class_list":["post-7330","page","type-page","status-publish","hentry"],"_links":{"self":[{"href":"https:\/\/fizika.pmf.unsa.ba\/eng\/wp-json\/wp\/v2\/pages\/7330","targetHints":{"allow":["GET"]}}],"collection":[{"href":"https:\/\/fizika.pmf.unsa.ba\/eng\/wp-json\/wp\/v2\/pages"}],"about":[{"href":"https:\/\/fizika.pmf.unsa.ba\/eng\/wp-json\/wp\/v2\/types\/page"}],"author":[{"embeddable":true,"href":"https:\/\/fizika.pmf.unsa.ba\/eng\/wp-json\/wp\/v2\/users\/1"}],"replies":[{"embeddable":true,"href":"https:\/\/fizika.pmf.unsa.ba\/eng\/wp-json\/wp\/v2\/comments?post=7330"}],"version-history":[{"count":81,"href":"https:\/\/fizika.pmf.unsa.ba\/eng\/wp-json\/wp\/v2\/pages\/7330\/revisions"}],"predecessor-version":[{"id":9098,"href":"https:\/\/fizika.pmf.unsa.ba\/eng\/wp-json\/wp\/v2\/pages\/7330\/revisions\/9098"}],"wp:attachment":[{"href":"https:\/\/fizika.pmf.unsa.ba\/eng\/wp-json\/wp\/v2\/media?parent=7330"}],"curies":[{"name":"wp","href":"https:\/\/api.w.org\/{rel}","templated":true}]}}