{"id":7228,"date":"2021-04-06T16:01:32","date_gmt":"2021-04-06T14:01:32","guid":{"rendered":"https:\/\/kreatortest.com\/fizika\/?page_id=7228"},"modified":"2022-11-17T01:04:22","modified_gmt":"2022-11-17T00:04:22","slug":"management-and-administration","status":"publish","type":"page","link":"https:\/\/fizika.pmf.unsa.ba\/eng\/management-and-administration\/","title":{"rendered":"Department Management and Administration"},"content":{"rendered":"<div class=\"wpb-content-wrapper\"><p>[vc_row css=&#8221;.vc_custom_1617791185873{padding-bottom: 80px !important;}&#8221;][vc_column]<div class=\"qodef-section-title-holder  qodef-st-standard qodef-st-title-left qodef-st-normal-space \" style=\"text-align: center\">\n\t<div class=\"qodef-st-inner\">\n\t\t\t\t\t<h2 class=\"qodef-st-title\" >\n\t\t\t\tDepartment Management and Administration\t\t\t<\/h2>\n\t\t                    <span class=\"qodef-st-background-text\" >\n                Department of Physics            <\/span>\n        \t\t\t<\/div>\n<\/div>[\/vc_column][\/vc_row][vc_row gap=&#8221;35&#8243; css=&#8221;.vc_custom_1668643053457{margin-top: 50px !important;margin-bottom: 70px !important;}&#8221;][vc_column width=&#8221;1\/3&#8243; css=&#8221;.vc_custom_1668643399179{border-left-width: 1px !important;padding-top: 15px !important;border-left-color: #efefef !important;border-left-style: solid !important;}&#8221;][vc_single_image image=&#8221;7409&#8243; img_size=&#8221;full&#8221;][vc_custom_heading text=&#8221;Head of the Department&#8221; font_container=&#8221;tag:h2|font_size:22px|text_align:left&#8221; use_theme_fonts=&#8221;yes&#8221;][vc_column_text]<strong>Prof. Dr. Vanes Me\u0161i\u0107<\/strong><br \/>\nTel: <a href=\"tel:++387 33 279 868\">+387 33 279 868<\/a><br \/>\nE-mail: <a href=\"mailto:v.mesic@pmf.unsa.ba\">v.mesic@pmf.unsa.ba<\/a>[\/vc_column_text][\/vc_column][vc_column width=&#8221;1\/3&#8243; css=&#8221;.vc_custom_1668643420256{border-left-width: 1px !important;padding-top: 15px !important;border-left-color: #efefef !important;border-left-style: solid !important;}&#8221;][vc_single_image image=&#8221;7709&#8243; img_size=&#8221;full&#8221;][vc_custom_heading text=&#8221;Deputy Head of the Department&#8221; font_container=&#8221;tag:h2|font_size:22px|text_align:left&#8221; use_theme_fonts=&#8221;yes&#8221;][vc_column_text]<strong>Prof. Dr. Amra Sal\u010dinovi\u0107 Feti\u0107<\/strong><br \/>\nTel: 033-279-957<br \/>\nE-mail: <a href=\"mailto:fizika@pmf.unsa.ba\">amra.s@pmf.unsa.ba<\/a>[\/vc_column_text][\/vc_column][vc_column width=&#8221;1\/3&#8243; css=&#8221;.vc_custom_1668643433723{border-left-width: 1px !important;padding-top: 15px !important;border-left-color: #efefef !important;border-left-style: solid !important;}&#8221;][vc_single_image image=&#8221;7414&#8243; img_size=&#8221;full&#8221; el_class=&#8221;kreator-border-image&#8221;][vc_custom_heading text=&#8221;Secretary of the Department&#8221; font_container=&#8221;tag:h2|font_size:22px|text_align:left&#8221; use_theme_fonts=&#8221;yes&#8221;][vc_column_text]<strong>Mr. Jasmina Rastoder-Huri\u0107<\/strong><br \/>\nTel: 033-279-946<br \/>\nE-mail: <a href=\"mailto:fizika@pmf.unsa.ba\">fizika@pmf.unsa.ba<\/a>[\/vc_column_text][\/vc_column][\/vc_row]<\/p>\n<\/div>","protected":false},"excerpt":{"rendered":"<p>[vc_row css=&#8221;.vc_custom_1617791185873{padding-bottom: 80px !important;}&#8221;][vc_column][\/vc_column][\/vc_row][vc_row gap=&#8221;35&#8243; css=&#8221;.vc_custom_1668643053457{margin-top: 50px !important;margin-bottom: 70px !important;}&#8221;][vc_column width=&#8221;1\/3&#8243; css=&#8221;.vc_custom_1668643399179{border-left-width: 1px !important;padding-top: 15px !important;border-left-color: #efefef !important;border-left-style: solid !important;}&#8221;][vc_single_image [&hellip;]<\/p>\n","protected":false},"author":1,"featured_media":0,"parent":0,"menu_order":0,"comment_status":"closed","ping_status":"closed","template":"","meta":{"footnotes":""},"class_list":["post-7228","page","type-page","status-publish","hentry"],"_links":{"self":[{"href":"https:\/\/fizika.pmf.unsa.ba\/eng\/wp-json\/wp\/v2\/pages\/7228","targetHints":{"allow":["GET"]}}],"collection":[{"href":"https:\/\/fizika.pmf.unsa.ba\/eng\/wp-json\/wp\/v2\/pages"}],"about":[{"href":"https:\/\/fizika.pmf.unsa.ba\/eng\/wp-json\/wp\/v2\/types\/page"}],"author":[{"embeddable":true,"href":"https:\/\/fizika.pmf.unsa.ba\/eng\/wp-json\/wp\/v2\/users\/1"}],"replies":[{"embeddable":true,"href":"https:\/\/fizika.pmf.unsa.ba\/eng\/wp-json\/wp\/v2\/comments?post=7228"}],"version-history":[{"count":45,"href":"https:\/\/fizika.pmf.unsa.ba\/eng\/wp-json\/wp\/v2\/pages\/7228\/revisions"}],"predecessor-version":[{"id":9024,"href":"https:\/\/fizika.pmf.unsa.ba\/eng\/wp-json\/wp\/v2\/pages\/7228\/revisions\/9024"}],"wp:attachment":[{"href":"https:\/\/fizika.pmf.unsa.ba\/eng\/wp-json\/wp\/v2\/media?parent=7228"}],"curies":[{"name":"wp","href":"https:\/\/api.w.org\/{rel}","templated":true}]}}